{"id":486,"date":"2022-09-14T19:58:02","date_gmt":"2022-09-14T12:58:02","guid":{"rendered":"https:\/\/datsenhongmarathon.com\/?page_id=486"},"modified":"2025-08-18T10:40:27","modified_gmt":"2025-08-18T03:40:27","slug":"goi-dang-ky","status":"publish","type":"page","link":"https:\/\/datsenhongmarathon.com\/en\/goi-dang-ky\/","title":{"rendered":"REGISTRATION PROGRAMS"},"content":{"rendered":"<div data-elementor-type=\"wp-page\" data-elementor-id=\"486\" class=\"elementor elementor-486\">\n\t\t\t\t\t\t<section class=\"elementor-section elementor-top-section elementor-element elementor-element-33012b5b banner-section elementor-section-boxed elementor-section-height-default elementor-section-height-default\" data-id=\"33012b5b\" data-element_type=\"section\" data-settings=\"{&quot;background_background&quot;:&quot;classic&quot;}\">\n\t\t\t\t\t\t\t<div class=\"elementor-background-overlay\"><\/div>\n\t\t\t\t\t\t\t<div class=\"elementor-container elementor-column-gap-no\">\n\t\t\t\t\t<div class=\"elementor-column elementor-col-100 elementor-top-column elementor-element elementor-element-22c0b667\" data-id=\"22c0b667\" data-element_type=\"column\">\n\t\t\t<div class=\"elementor-widget-wrap elementor-element-populated\">\n\t\t\t\t\t\t<div class=\"elementor-element elementor-element-6fc5733a elementor-widget elementor-widget-jkit_heading\" data-id=\"6fc5733a\" data-element_type=\"widget\" data-widget_type=\"jkit_heading.default\">\n\t\t\t\t<div class=\"elementor-widget-container\">\n\t\t\t\t\t<div  class=\"jeg-elementor-kit jkit-heading  align-center align-tablet-center align-mobile-center jeg_module___69e768e1ecaef\" ><div class=\"heading-section-title  display-inline-block\"><h2 class=\"heading-title\">\u0110\u0103ng K\u00fd C\u00e1 Nh\u00e2n<\/h2><\/div><div class=\"heading-section-separator\"><div class=\"separator-wrapper style-solid\"><\/div><\/div><\/div>\t\t\t\t<\/div>\n\t\t\t\t<\/div>\n\t\t\t\t\t<\/div>\n\t\t<\/div>\n\t\t\t\t\t<\/div>\n\t\t<\/section>\n\t\t\t\t<section class=\"elementor-section elementor-top-section elementor-element elementor-element-8ecd60b elementor-reverse-tablet elementor-reverse-mobile elementor-section-boxed elementor-section-height-default elementor-section-height-default\" data-id=\"8ecd60b\" data-element_type=\"section\">\n\t\t\t\t\t\t<div class=\"elementor-container elementor-column-gap-default\">\n\t\t\t\t\t<div class=\"elementor-column elementor-col-100 elementor-top-column elementor-element elementor-element-b7478f5\" data-id=\"b7478f5\" data-element_type=\"column\">\n\t\t\t<div class=\"elementor-widget-wrap elementor-element-populated\">\n\t\t\t\t\t\t<div class=\"elementor-element elementor-element-b5e78f9 elementor-widget elementor-widget-image\" data-id=\"b5e78f9\" data-element_type=\"widget\" data-widget_type=\"image.default\">\n\t\t\t\t<div class=\"elementor-widget-container\">\n\t\t\t\t\t\t\t\t\t\t\t\t\t\t\t\t<a href=\"https:\/\/datsenhongmarathon.com\/wp-content\/uploads\/2025\/08\/price-dsh25.jpg\" data-elementor-open-lightbox=\"yes\" data-elementor-lightbox-title=\"C\u1ed4NG V\u00c9 \u0110SH  (working file) - EDIT\" data-e-action-hash=\"#elementor-action%3Aaction%3Dlightbox%26settings%3DeyJpZCI6NTIxMiwidXJsIjoiaHR0cHM6XC9cL2RhdHNlbmhvbmdtYXJhdGhvbi5jb21cL3dwLWNvbnRlbnRcL3VwbG9hZHNcLzIwMjVcLzA4XC9wcmljZS1kc2gyNS5qcGcifQ%3D%3D\">\n\t\t\t\t\t\t\t<img fetchpriority=\"high\" decoding=\"async\" width=\"1500\" height=\"926\" src=\"https:\/\/datsenhongmarathon.com\/wp-content\/uploads\/2025\/08\/price-dsh25.jpg\" class=\"attachment-2048x2048 size-2048x2048 wp-image-5212\" alt=\"\" srcset=\"https:\/\/datsenhongmarathon.com\/wp-content\/uploads\/2025\/08\/price-dsh25.jpg 1500w, https:\/\/datsenhongmarathon.com\/wp-content\/uploads\/2025\/08\/price-dsh25-300x185.jpg 300w, https:\/\/datsenhongmarathon.com\/wp-content\/uploads\/2025\/08\/price-dsh25-1024x632.jpg 1024w, https:\/\/datsenhongmarathon.com\/wp-content\/uploads\/2025\/08\/price-dsh25-768x474.jpg 768w, https:\/\/datsenhongmarathon.com\/wp-content\/uploads\/2025\/08\/price-dsh25-18x12.jpg 18w\" sizes=\"(max-width: 1500px) 100vw, 1500px\" \/>\t\t\t\t\t\t\t\t<\/a>\n\t\t\t\t\t\t\t\t\t\t\t\t\t\t\t<\/div>\n\t\t\t\t<\/div>\n\t\t\t\t<div class=\"elementor-element elementor-element-d2f764a elementor-align-center elementor-widget elementor-widget-button\" data-id=\"d2f764a\" data-element_type=\"widget\" data-widget_type=\"button.default\">\n\t\t\t\t<div class=\"elementor-widget-container\">\n\t\t\t\t\t\t\t\t\t<div class=\"elementor-button-wrapper\">\n\t\t\t\t\t<a class=\"elementor-button elementor-button-link elementor-size-sm\" href=\"https:\/\/actiup.net\/vi\/event\/vpbank-dat-sen-hong-music-marathon-2025\">\n\t\t\t\t\t\t<span class=\"elementor-button-content-wrapper\">\n\t\t\t\t\t\t\t\t\t<span class=\"elementor-button-text\">REGISTER NOW<\/span>\n\t\t\t\t\t<\/span>\n\t\t\t\t\t<\/a>\n\t\t\t\t<\/div>\n\t\t\t\t\t\t\t\t<\/div>\n\t\t\t\t<\/div>\n\t\t\t\t\t<\/div>\n\t\t<\/div>\n\t\t\t\t\t<\/div>\n\t\t<\/section>\n\t\t\t\t<section class=\"elementor-section elementor-top-section elementor-element elementor-element-ee4ecd8 elementor-section-boxed elementor-section-height-default elementor-section-height-default\" data-id=\"ee4ecd8\" data-element_type=\"section\">\n\t\t\t\t\t\t<div class=\"elementor-container elementor-column-gap-default\">\n\t\t\t\t\t<div class=\"elementor-column elementor-col-100 elementor-top-column elementor-element elementor-element-a72aa45\" data-id=\"a72aa45\" data-element_type=\"column\">\n\t\t\t<div class=\"elementor-widget-wrap elementor-element-populated\">\n\t\t\t\t\t\t<div class=\"elementor-element elementor-element-50178b2 elementor-widget elementor-widget-heading\" data-id=\"50178b2\" data-element_type=\"widget\" data-widget_type=\"heading.default\">\n\t\t\t\t<div class=\"elementor-widget-container\">\n\t\t\t\t\t<h2 class=\"elementor-heading-title elementor-size-default\">CH\u00cdNH S\u00c1CH CLB - \u0110\u1ed8I NH\u00d3M<\/h2>\t\t\t\t<\/div>\n\t\t\t\t<\/div>\n\t\t\t\t<div class=\"elementor-element elementor-element-4756121 elementor-widget elementor-widget-image\" data-id=\"4756121\" data-element_type=\"widget\" data-widget_type=\"image.default\">\n\t\t\t\t<div class=\"elementor-widget-container\">\n\t\t\t\t\t\t\t\t\t\t\t\t\t\t\t\t<a href=\"https:\/\/datsenhongmarathon.com\/wp-content\/uploads\/2025\/08\/grouppolicy-dsh25.jpg\" data-elementor-open-lightbox=\"yes\" data-elementor-lightbox-title=\"C\u1ed4NG V\u00c9 \u0110SH  (working file) - EDIT\" data-e-action-hash=\"#elementor-action%3Aaction%3Dlightbox%26settings%3DeyJpZCI6NTIxMywidXJsIjoiaHR0cHM6XC9cL2RhdHNlbmhvbmdtYXJhdGhvbi5jb21cL3dwLWNvbnRlbnRcL3VwbG9hZHNcLzIwMjVcLzA4XC9ncm91cHBvbGljeS1kc2gyNS5qcGcifQ%3D%3D\">\n\t\t\t\t\t\t\t<img decoding=\"async\" width=\"1500\" height=\"844\" src=\"https:\/\/datsenhongmarathon.com\/wp-content\/uploads\/2025\/08\/grouppolicy-dsh25.jpg\" class=\"attachment-2048x2048 size-2048x2048 wp-image-5213\" alt=\"\" srcset=\"https:\/\/datsenhongmarathon.com\/wp-content\/uploads\/2025\/08\/grouppolicy-dsh25.jpg 1500w, https:\/\/datsenhongmarathon.com\/wp-content\/uploads\/2025\/08\/grouppolicy-dsh25-300x169.jpg 300w, https:\/\/datsenhongmarathon.com\/wp-content\/uploads\/2025\/08\/grouppolicy-dsh25-1024x576.jpg 1024w, https:\/\/datsenhongmarathon.com\/wp-content\/uploads\/2025\/08\/grouppolicy-dsh25-768x432.jpg 768w, https:\/\/datsenhongmarathon.com\/wp-content\/uploads\/2025\/08\/grouppolicy-dsh25-18x10.jpg 18w\" sizes=\"(max-width: 1500px) 100vw, 1500px\" \/>\t\t\t\t\t\t\t\t<\/a>\n\t\t\t\t\t\t\t\t\t\t\t\t\t\t\t<\/div>\n\t\t\t\t<\/div>\n\t\t\t\t\t<\/div>\n\t\t<\/div>\n\t\t\t\t\t<\/div>\n\t\t<\/section>\n\t\t\t\t<section class=\"elementor-section elementor-top-section elementor-element elementor-element-bedbe78 elementor-section-boxed elementor-section-height-default elementor-section-height-default\" data-id=\"bedbe78\" data-element_type=\"section\">\n\t\t\t\t\t\t<div class=\"elementor-container elementor-column-gap-default\">\n\t\t\t\t\t<div class=\"elementor-column elementor-col-100 elementor-top-column elementor-element elementor-element-8480d87\" data-id=\"8480d87\" data-element_type=\"column\">\n\t\t\t<div class=\"elementor-widget-wrap elementor-element-populated\">\n\t\t\t\t\t\t<div class=\"elementor-element elementor-element-c7256bf elementor-widget elementor-widget-heading\" data-id=\"c7256bf\" data-element_type=\"widget\" data-widget_type=\"heading.default\">\n\t\t\t\t<div class=\"elementor-widget-container\">\n\t\t\t\t\t<h2 class=\"elementor-heading-title elementor-size-default\">Ch\u00ednh s\u00e1ch H\u1ee7y - Chuy\u1ec3n nh\u01b0\u1ee3ng - Thay \u0111\u1ed5i th\u00f4ng tin c\u00e1 nh\u00e2n\/ c\u1ef1 ly<\/h2>\t\t\t\t<\/div>\n\t\t\t\t<\/div>\n\t\t\t\t<div class=\"elementor-element elementor-element-3caa06f elementor-widget elementor-widget-image\" data-id=\"3caa06f\" data-element_type=\"widget\" data-widget_type=\"image.default\">\n\t\t\t\t<div class=\"elementor-widget-container\">\n\t\t\t\t\t\t\t\t\t\t\t\t\t\t\t\t<a href=\"https:\/\/datsenhongmarathon.com\/wp-content\/uploads\/2025\/08\/caio-dsh25-1.jpg\" data-elementor-open-lightbox=\"yes\" data-elementor-lightbox-title=\"C\u1ed4NG V\u00c9 \u0110SH  (working file) - EDIT\" data-e-action-hash=\"#elementor-action%3Aaction%3Dlightbox%26settings%3DeyJpZCI6NTIxNCwidXJsIjoiaHR0cHM6XC9cL2RhdHNlbmhvbmdtYXJhdGhvbi5jb21cL3dwLWNvbnRlbnRcL3VwbG9hZHNcLzIwMjVcLzA4XC9jYWlvLWRzaDI1LTEuanBnIn0%3D\">\n\t\t\t\t\t\t\t<img decoding=\"async\" width=\"1500\" height=\"1194\" src=\"https:\/\/datsenhongmarathon.com\/wp-content\/uploads\/2025\/08\/caio-dsh25-1.jpg\" class=\"attachment-2048x2048 size-2048x2048 wp-image-5214\" alt=\"\" srcset=\"https:\/\/datsenhongmarathon.com\/wp-content\/uploads\/2025\/08\/caio-dsh25-1.jpg 1500w, https:\/\/datsenhongmarathon.com\/wp-content\/uploads\/2025\/08\/caio-dsh25-1-300x239.jpg 300w, https:\/\/datsenhongmarathon.com\/wp-content\/uploads\/2025\/08\/caio-dsh25-1-1024x815.jpg 1024w, https:\/\/datsenhongmarathon.com\/wp-content\/uploads\/2025\/08\/caio-dsh25-1-768x611.jpg 768w, https:\/\/datsenhongmarathon.com\/wp-content\/uploads\/2025\/08\/caio-dsh25-1-15x12.jpg 15w\" sizes=\"(max-width: 1500px) 100vw, 1500px\" \/>\t\t\t\t\t\t\t\t<\/a>\n\t\t\t\t\t\t\t\t\t\t\t\t\t\t\t<\/div>\n\t\t\t\t<\/div>\n\t\t\t\t\t<\/div>\n\t\t<\/div>\n\t\t\t\t\t<\/div>\n\t\t<\/section>\n\t\t\t\t<\/div>","protected":false},"excerpt":{"rendered":"<p>\u0110\u0103ng K\u00fd C\u00e1 Nh\u00e2n \u0110\u0103ng k\u00fd ngay CH\u00cdNH S\u00c1CH CLB &#8211; \u0110\u1ed8I NH\u00d3M Ch\u00ednh s\u00e1ch H\u1ee7y &#8211; Chuy\u1ec3n nh\u01b0\u1ee3ng &#8211; Thay \u0111\u1ed5i th\u00f4ng tin c\u00e1 nh\u00e2n\/ c\u1ef1 ly<\/p>","protected":false},"author":1,"featured_media":0,"parent":0,"menu_order":0,"comment_status":"closed","ping_status":"closed","template":"","meta":{"footnotes":""},"class_list":["post-486","page","type-page","status-publish","hentry"],"_links":{"self":[{"href":"https:\/\/datsenhongmarathon.com\/en\/wp-json\/wp\/v2\/pages\/486","targetHints":{"allow":["GET"]}}],"collection":[{"href":"https:\/\/datsenhongmarathon.com\/en\/wp-json\/wp\/v2\/pages"}],"about":[{"href":"https:\/\/datsenhongmarathon.com\/en\/wp-json\/wp\/v2\/types\/page"}],"author":[{"embeddable":true,"href":"https:\/\/datsenhongmarathon.com\/en\/wp-json\/wp\/v2\/users\/1"}],"replies":[{"embeddable":true,"href":"https:\/\/datsenhongmarathon.com\/en\/wp-json\/wp\/v2\/comments?post=486"}],"version-history":[{"count":191,"href":"https:\/\/datsenhongmarathon.com\/en\/wp-json\/wp\/v2\/pages\/486\/revisions"}],"predecessor-version":[{"id":5220,"href":"https:\/\/datsenhongmarathon.com\/en\/wp-json\/wp\/v2\/pages\/486\/revisions\/5220"}],"wp:attachment":[{"href":"https:\/\/datsenhongmarathon.com\/en\/wp-json\/wp\/v2\/media?parent=486"}],"curies":[{"name":"wp","href":"https:\/\/api.w.org\/{rel}","templated":true}]}}