{"id":276,"date":"2022-09-14T03:37:32","date_gmt":"2022-09-14T02:37:32","guid":{"rendered":"http:\/\/localhost\/dongthapmarathon\/?page_id=276"},"modified":"2025-09-24T11:34:30","modified_gmt":"2025-09-24T04:34:30","slug":"tin-tuc","status":"publish","type":"page","link":"https:\/\/datsenhongmarathon.com\/en\/tin-tuc\/","title":{"rendered":"NEWS"},"content":{"rendered":"<div data-elementor-type=\"wp-page\" data-elementor-id=\"276\" class=\"elementor elementor-276\">\n\t\t\t\t\t\t<section class=\"elementor-section elementor-top-section elementor-element elementor-element-562b7a0 banner-section elementor-section-boxed elementor-section-height-default elementor-section-height-default\" data-id=\"562b7a0\" data-element_type=\"section\" data-settings=\"{&quot;background_background&quot;:&quot;classic&quot;}\">\n\t\t\t\t\t\t\t<div class=\"elementor-background-overlay\"><\/div>\n\t\t\t\t\t\t\t<div class=\"elementor-container elementor-column-gap-no\">\n\t\t\t\t\t<div class=\"elementor-column elementor-col-100 elementor-top-column elementor-element elementor-element-37dc40e0\" data-id=\"37dc40e0\" data-element_type=\"column\">\n\t\t\t<div class=\"elementor-widget-wrap elementor-element-populated\">\n\t\t\t\t\t\t<div class=\"elementor-element elementor-element-7867f30 elementor-widget elementor-widget-jkit_post_title\" data-id=\"7867f30\" data-element_type=\"widget\" data-widget_type=\"jkit_post_title.default\">\n\t\t\t\t<div class=\"elementor-widget-container\">\n\t\t\t\t\t<div  class=\"jeg-elementor-kit jkit-post-title jeg_module___69e75be2af3e3\" ><h2 class=\"post-title style-color\">NEWS<\/h2><\/div>\t\t\t\t<\/div>\n\t\t\t\t<\/div>\n\t\t\t\t\t<\/div>\n\t\t<\/div>\n\t\t\t\t\t<\/div>\n\t\t<\/section>\n\t\t\t\t<section class=\"elementor-section elementor-top-section elementor-element elementor-element-15f0694 elementor-section-boxed elementor-section-height-default elementor-section-height-default\" data-id=\"15f0694\" data-element_type=\"section\">\n\t\t\t\t\t\t<div class=\"elementor-container elementor-column-gap-default\">\n\t\t\t\t\t<div class=\"elementor-column elementor-col-100 elementor-top-column elementor-element elementor-element-d56f442\" data-id=\"d56f442\" data-element_type=\"column\">\n\t\t\t<div class=\"elementor-widget-wrap elementor-element-populated\">\n\t\t\t\t\t\t<div class=\"elementor-element elementor-element-8538472 e-transform elementor-invisible elementor-widget elementor-widget-jkit_post_block\" data-id=\"8538472\" data-element_type=\"widget\" data-settings=\"{&quot;_animation&quot;:&quot;fadeInUp&quot;,&quot;_transform_rotateZ_effect_hover&quot;:{&quot;unit&quot;:&quot;px&quot;,&quot;size&quot;:0,&quot;sizes&quot;:[]},&quot;_transform_rotateZ_effect_hover_tablet&quot;:{&quot;unit&quot;:&quot;deg&quot;,&quot;size&quot;:&quot;&quot;,&quot;sizes&quot;:[]},&quot;_transform_rotateZ_effect_hover_mobile&quot;:{&quot;unit&quot;:&quot;deg&quot;,&quot;size&quot;:&quot;&quot;,&quot;sizes&quot;:[]}}\" data-widget_type=\"jkit_post_block.default\">\n\t\t\t\t<div class=\"elementor-widget-container\">\n\t\t\t\t\t<div  class=\"jeg-elementor-kit jkit-postblock postblock-type-2 jkit-pagination-loadmore post-element jeg_module__1_69e75be2c6376\"  data-id=\"jeg_module__1_69e75be2c6376\" data-settings=\"{&quot;post_type&quot;:&quot;post&quot;,&quot;number_post&quot;:{&quot;unit&quot;:&quot;px&quot;,&quot;size&quot;:6,&quot;sizes&quot;:[]},&quot;post_offset&quot;:0,&quot;unique_content&quot;:&quot;disable&quot;,&quot;include_post&quot;:&quot;&quot;,&quot;exclude_post&quot;:&quot;&quot;,&quot;include_category&quot;:&quot;&quot;,&quot;exclude_category&quot;:&quot;&quot;,&quot;include_author&quot;:&quot;&quot;,&quot;include_tag&quot;:&quot;&quot;,&quot;exclude_tag&quot;:&quot;&quot;,&quot;3d-flip-book-category&quot;:&quot;&quot;,&quot;sort_by&quot;:&quot;latest&quot;,&quot;pagination_mode&quot;:&quot;loadmore&quot;,&quot;pagination_loadmore_text&quot;:&quot;Xem th\\u00eam&quot;,&quot;pagination_loading_text&quot;:&quot;Loading...&quot;,&quot;pagination_number_post&quot;:{&quot;unit&quot;:&quot;px&quot;,&quot;size&quot;:6,&quot;sizes&quot;:[]},&quot;pagination_scroll_limit&quot;:0,&quot;pagination_icon&quot;:{&quot;value&quot;:&quot;&quot;,&quot;library&quot;:&quot;&quot;},&quot;pagination_icon_position&quot;:&quot;before&quot;,&quot;st_category_position&quot;:&quot;center&quot;,&quot;sg_content_postblock_type&quot;:&quot;type-2&quot;,&quot;sg_content_element_order&quot;:&quot;title,meta,excerpt,read&quot;,&quot;sg_content_breakpoint&quot;:&quot;tablet&quot;,&quot;sg_content_title_html_tag&quot;:&quot;h3&quot;,&quot;sg_content_category_enable&quot;:&quot;&quot;,&quot;sg_content_excerpt_enable&quot;:&quot;&quot;,&quot;sg_content_excerpt_length&quot;:{&quot;unit&quot;:&quot;px&quot;,&quot;size&quot;:0,&quot;sizes&quot;:[]},&quot;sg_content_excerpt_more&quot;:&quot;...&quot;,&quot;sg_content_readmore_enable&quot;:&quot;yes&quot;,&quot;sg_content_readmore_icon&quot;:{&quot;value&quot;:&quot;&quot;,&quot;library&quot;:&quot;&quot;},&quot;sg_content_readmore_icon_position&quot;:&quot;after&quot;,&quot;sg_content_readmore_text&quot;:&quot;Xem th\\u00eam&quot;,&quot;sg_content_comment_enable&quot;:&quot;&quot;,&quot;sg_content_comment_icon&quot;:{&quot;value&quot;:&quot;fas fa-comment&quot;,&quot;library&quot;:&quot;fa-solid&quot;},&quot;sg_content_comment_icon_position&quot;:&quot;before&quot;,&quot;sg_content_meta_enable&quot;:&quot;yes&quot;,&quot;sg_content_meta_author_enable&quot;:&quot;&quot;,&quot;sg_content_meta_author_by_text&quot;:&quot;by&quot;,&quot;sg_content_meta_author_icon&quot;:{&quot;value&quot;:&quot;fas fa-user&quot;,&quot;library&quot;:&quot;fa-solid&quot;},&quot;sg_content_meta_author_icon_position&quot;:&quot;before&quot;,&quot;sg_content_meta_date_enable&quot;:&quot;&quot;,&quot;sg_content_meta_date_type&quot;:&quot;modified&quot;,&quot;sg_content_meta_date_format&quot;:&quot;default&quot;,&quot;sg_content_meta_date_format_custom&quot;:&quot;d\\\/m\\\/Y&quot;,&quot;sg_content_meta_date_icon&quot;:{&quot;value&quot;:&quot;fas fa-clock&quot;,&quot;library&quot;:&quot;fa-solid&quot;},&quot;sg_content_meta_date_icon_position&quot;:&quot;before&quot;,&quot;sg_content_image_size_imagesize_size&quot;:&quot;full&quot;,&quot;paged&quot;:1,&quot;class&quot;:&quot;jkit_post_block&quot;}\"><div class=\"jkit-block-container\"><div class=\"jkit-posts jkit-ajax-flag\">\n            <article class=\"jkit-post post-5556 post type-post status-publish format-standard has-post-thumbnail hentry category-tin-tuc\">\n                    <div class=\"jkit-thumb\"><a aria-label=\"Richy \u0111\u1ed3ng h\u00e0nh c\u00f9ng \u0110\u1ea5t Sen H\u1ed3ng Marathon 2025 v\u00e0 s\u1ef1 t\u0103ng h\u1ea1ng m\u1ea1nh m\u1ebd trong Top 10 C\u00f4ng ty th\u1ef1c ph\u1ea9m uy t\u00edn 2025\" href=\"https:\/\/datsenhongmarathon.com\/en\/richy-dong-hanh-cung-dat-sen-hong-marathon-2025-va-su-tang-hang-manh-me-trong-top-10-cong-ty-thuc-pham-uy-tin-2025\/\"><div class=\"thumbnail-container\">\n            <img loading=\"lazy\" decoding=\"async\" width=\"2560\" height=\"1707\" src=\"https:\/\/datsenhongmarathon.com\/wp-content\/uploads\/2025\/10\/Anh-1-Anh-thumb-scaled.jpg\" class=\"attachment-full size-full wp-post-image\" alt=\"\" srcset=\"https:\/\/datsenhongmarathon.com\/wp-content\/uploads\/2025\/10\/Anh-1-Anh-thumb-scaled.jpg 2560w, https:\/\/datsenhongmarathon.com\/wp-content\/uploads\/2025\/10\/Anh-1-Anh-thumb-300x200.jpg 300w, https:\/\/datsenhongmarathon.com\/wp-content\/uploads\/2025\/10\/Anh-1-Anh-thumb-1024x683.jpg 1024w, https:\/\/datsenhongmarathon.com\/wp-content\/uploads\/2025\/10\/Anh-1-Anh-thumb-768x512.jpg 768w, https:\/\/datsenhongmarathon.com\/wp-content\/uploads\/2025\/10\/Anh-1-Anh-thumb-1536x1024.jpg 1536w, https:\/\/datsenhongmarathon.com\/wp-content\/uploads\/2025\/10\/Anh-1-Anh-thumb-2048x1365.jpg 2048w, https:\/\/datsenhongmarathon.com\/wp-content\/uploads\/2025\/10\/Anh-1-Anh-thumb-18x12.jpg 18w\" sizes=\"auto, (max-width: 2560px) 100vw, 2560px\" \/>\n        <\/div><\/a><\/div>\n                    <div class=\"jkit-postblock-content\"><h3 class=\"jkit-post-title\">\n\t\t\t\t\t\t\t<a href=\"https:\/\/datsenhongmarathon.com\/en\/richy-dong-hanh-cung-dat-sen-hong-marathon-2025-va-su-tang-hang-manh-me-trong-top-10-cong-ty-thuc-pham-uy-tin-2025\/\">Richy \u0111\u1ed3ng h\u00e0nh c\u00f9ng \u0110\u1ea5t Sen H\u1ed3ng Marathon 2025 v\u00e0 s\u1ef1 t\u0103ng h\u1ea1ng m\u1ea1nh m\u1ebd trong Top 10 C\u00f4ng ty th\u1ef1c ph\u1ea9m uy t\u00edn 2025<\/a>\n\t\t\t\t\t\t<\/h3><div class=\"jkit-post-meta\"><\/div><div class=\"jkit-post-meta-bottom\">\n\t\t\t\t\t\t\t<div class=\"jkit-meta-readmore icon-position-after\">\n                <a title=\"Richy \u0111\u1ed3ng h\u00e0nh c\u00f9ng \u0110\u1ea5t Sen H\u1ed3ng Marathon 2025 v\u00e0 s\u1ef1 t\u0103ng h\u1ea1ng m\u1ea1nh m\u1ebd trong Top 10 C\u00f4ng ty th\u1ef1c ph\u1ea9m uy t\u00edn 2025\" href=\"https:\/\/datsenhongmarathon.com\/en\/richy-dong-hanh-cung-dat-sen-hong-marathon-2025-va-su-tang-hang-manh-me-trong-top-10-cong-ty-thuc-pham-uy-tin-2025\/\" class=\"jkit-readmore\">Read More<\/a>\n            <\/div>\n\t\t\t\t\t\t<\/div><\/div>\n                <\/article><article class=\"jkit-post post-5544 post type-post status-publish format-standard has-post-thumbnail hentry category-tin-tuc\">\n                    <div class=\"jkit-thumb\"><a aria-label=\"B\u1ee8T PH\u00c1 \u0110\u01af\u1edcNG CH\u1ea0Y &#8211; T\u0102NG T\u1ed0C KINH DOANH C\u00d9NG VPBANK COMMCREDIT\" href=\"https:\/\/datsenhongmarathon.com\/en\/but-pha-duong-chay-tang-toc-kinh-doanh-cung-vpbank-commcredit\/\"><div class=\"thumbnail-container\">\n            <img loading=\"lazy\" decoding=\"async\" width=\"1200\" height=\"1200\" src=\"https:\/\/datsenhongmarathon.com\/wp-content\/uploads\/2025\/10\/561627451_847011180999478_3683222748541862202_n.jpg\" class=\"attachment-full size-full wp-post-image\" alt=\"\" srcset=\"https:\/\/datsenhongmarathon.com\/wp-content\/uploads\/2025\/10\/561627451_847011180999478_3683222748541862202_n.jpg 1200w, https:\/\/datsenhongmarathon.com\/wp-content\/uploads\/2025\/10\/561627451_847011180999478_3683222748541862202_n-300x300.jpg 300w, https:\/\/datsenhongmarathon.com\/wp-content\/uploads\/2025\/10\/561627451_847011180999478_3683222748541862202_n-1024x1024.jpg 1024w, https:\/\/datsenhongmarathon.com\/wp-content\/uploads\/2025\/10\/561627451_847011180999478_3683222748541862202_n-150x150.jpg 150w, https:\/\/datsenhongmarathon.com\/wp-content\/uploads\/2025\/10\/561627451_847011180999478_3683222748541862202_n-768x768.jpg 768w, https:\/\/datsenhongmarathon.com\/wp-content\/uploads\/2025\/10\/561627451_847011180999478_3683222748541862202_n-12x12.jpg 12w\" sizes=\"auto, (max-width: 1200px) 100vw, 1200px\" \/>\n        <\/div><\/a><\/div>\n                    <div class=\"jkit-postblock-content\"><h3 class=\"jkit-post-title\">\n\t\t\t\t\t\t\t<a href=\"https:\/\/datsenhongmarathon.com\/en\/but-pha-duong-chay-tang-toc-kinh-doanh-cung-vpbank-commcredit\/\">B\u1ee8T PH\u00c1 \u0110\u01af\u1edcNG CH\u1ea0Y &#8211; T\u0102NG T\u1ed0C KINH DOANH C\u00d9NG VPBANK COMMCREDIT<\/a>\n\t\t\t\t\t\t<\/h3><div class=\"jkit-post-meta\"><\/div><div class=\"jkit-post-meta-bottom\">\n\t\t\t\t\t\t\t<div class=\"jkit-meta-readmore icon-position-after\">\n                <a title=\"B\u1ee8T PH\u00c1 \u0110\u01af\u1edcNG CH\u1ea0Y &#8211; T\u0102NG T\u1ed0C KINH DOANH C\u00d9NG VPBANK COMMCREDIT\" href=\"https:\/\/datsenhongmarathon.com\/en\/but-pha-duong-chay-tang-toc-kinh-doanh-cung-vpbank-commcredit\/\" class=\"jkit-readmore\">Read More<\/a>\n            <\/div>\n\t\t\t\t\t\t<\/div><\/div>\n                <\/article><article class=\"jkit-post post-5538 post type-post status-publish format-standard has-post-thumbnail hentry category-tin-tuc\">\n                    <div class=\"jkit-thumb\"><a aria-label=\"\u01afU \u0110\u00c3I C\u1ef0C KH\u1ee6NG D\u00c0NH CHO KH\u00c1CH H\u00c0NG VPBANK\" href=\"https:\/\/datsenhongmarathon.com\/en\/uu-dai-cuc-khung-danh-cho-khach-hang-vpbank\/\"><div class=\"thumbnail-container\">\n            <img loading=\"lazy\" decoding=\"async\" width=\"1080\" height=\"1080\" src=\"https:\/\/datsenhongmarathon.com\/wp-content\/uploads\/2025\/10\/528694544_790243380009592_6273209524564685553_n.jpg\" class=\"attachment-full size-full wp-post-image\" alt=\"\" srcset=\"https:\/\/datsenhongmarathon.com\/wp-content\/uploads\/2025\/10\/528694544_790243380009592_6273209524564685553_n.jpg 1080w, https:\/\/datsenhongmarathon.com\/wp-content\/uploads\/2025\/10\/528694544_790243380009592_6273209524564685553_n-300x300.jpg 300w, https:\/\/datsenhongmarathon.com\/wp-content\/uploads\/2025\/10\/528694544_790243380009592_6273209524564685553_n-1024x1024.jpg 1024w, https:\/\/datsenhongmarathon.com\/wp-content\/uploads\/2025\/10\/528694544_790243380009592_6273209524564685553_n-150x150.jpg 150w, https:\/\/datsenhongmarathon.com\/wp-content\/uploads\/2025\/10\/528694544_790243380009592_6273209524564685553_n-768x768.jpg 768w, https:\/\/datsenhongmarathon.com\/wp-content\/uploads\/2025\/10\/528694544_790243380009592_6273209524564685553_n-12x12.jpg 12w\" sizes=\"auto, (max-width: 1080px) 100vw, 1080px\" \/>\n        <\/div><\/a><\/div>\n                    <div class=\"jkit-postblock-content\"><h3 class=\"jkit-post-title\">\n\t\t\t\t\t\t\t<a href=\"https:\/\/datsenhongmarathon.com\/en\/uu-dai-cuc-khung-danh-cho-khach-hang-vpbank\/\">\u01afU \u0110\u00c3I C\u1ef0C KH\u1ee6NG D\u00c0NH CHO KH\u00c1CH H\u00c0NG VPBANK<\/a>\n\t\t\t\t\t\t<\/h3><div class=\"jkit-post-meta\"><\/div><div class=\"jkit-post-meta-bottom\">\n\t\t\t\t\t\t\t<div class=\"jkit-meta-readmore icon-position-after\">\n                <a title=\"\u01afU \u0110\u00c3I C\u1ef0C KH\u1ee6NG D\u00c0NH CHO KH\u00c1CH H\u00c0NG VPBANK\" href=\"https:\/\/datsenhongmarathon.com\/en\/uu-dai-cuc-khung-danh-cho-khach-hang-vpbank\/\" class=\"jkit-readmore\">Read More<\/a>\n            <\/div>\n\t\t\t\t\t\t<\/div><\/div>\n                <\/article><article class=\"jkit-post post-5529 post type-post status-publish format-standard has-post-thumbnail hentry category-tin-tuc\">\n                    <div class=\"jkit-thumb\"><a aria-label=\"THAM GIA B\u01af\u1edaC CH\u1ea0Y QUY\u1ec0N N\u0102NG C\u00d9NG VPBANK DIAMOND\" href=\"https:\/\/datsenhongmarathon.com\/en\/tham-gia-buoc-chay-quyen-nang-cung-vpbank-diamond\/\"><div class=\"thumbnail-container\">\n            <img loading=\"lazy\" decoding=\"async\" width=\"1080\" height=\"1080\" src=\"https:\/\/datsenhongmarathon.com\/wp-content\/uploads\/2025\/10\/528605291_791819516518645_1094435033165792767_n.jpg\" class=\"attachment-full size-full wp-post-image\" alt=\"\" srcset=\"https:\/\/datsenhongmarathon.com\/wp-content\/uploads\/2025\/10\/528605291_791819516518645_1094435033165792767_n.jpg 1080w, https:\/\/datsenhongmarathon.com\/wp-content\/uploads\/2025\/10\/528605291_791819516518645_1094435033165792767_n-300x300.jpg 300w, https:\/\/datsenhongmarathon.com\/wp-content\/uploads\/2025\/10\/528605291_791819516518645_1094435033165792767_n-1024x1024.jpg 1024w, https:\/\/datsenhongmarathon.com\/wp-content\/uploads\/2025\/10\/528605291_791819516518645_1094435033165792767_n-150x150.jpg 150w, https:\/\/datsenhongmarathon.com\/wp-content\/uploads\/2025\/10\/528605291_791819516518645_1094435033165792767_n-768x768.jpg 768w, https:\/\/datsenhongmarathon.com\/wp-content\/uploads\/2025\/10\/528605291_791819516518645_1094435033165792767_n-12x12.jpg 12w\" sizes=\"auto, (max-width: 1080px) 100vw, 1080px\" \/>\n        <\/div><\/a><\/div>\n                    <div class=\"jkit-postblock-content\"><h3 class=\"jkit-post-title\">\n\t\t\t\t\t\t\t<a href=\"https:\/\/datsenhongmarathon.com\/en\/tham-gia-buoc-chay-quyen-nang-cung-vpbank-diamond\/\">THAM GIA B\u01af\u1edaC CH\u1ea0Y QUY\u1ec0N N\u0102NG C\u00d9NG VPBANK DIAMOND<\/a>\n\t\t\t\t\t\t<\/h3><div class=\"jkit-post-meta\"><\/div><div class=\"jkit-post-meta-bottom\">\n\t\t\t\t\t\t\t<div class=\"jkit-meta-readmore icon-position-after\">\n                <a title=\"THAM GIA B\u01af\u1edaC CH\u1ea0Y QUY\u1ec0N N\u0102NG C\u00d9NG VPBANK DIAMOND\" href=\"https:\/\/datsenhongmarathon.com\/en\/tham-gia-buoc-chay-quyen-nang-cung-vpbank-diamond\/\" class=\"jkit-readmore\">Read More<\/a>\n            <\/div>\n\t\t\t\t\t\t<\/div><\/div>\n                <\/article><article class=\"jkit-post post-5522 post type-post status-publish format-standard has-post-thumbnail hentry category-tin-tuc\">\n                    <div class=\"jkit-thumb\"><a aria-label=\"K\u00cdCH HO\u1ea0T NEO HEALTH &#8211; NH\u1eacN LI\u00caN HO\u00c0N TH\u01af\u1edeNG T\u1edaI 15 TRI\u1ec6U\" href=\"https:\/\/datsenhongmarathon.com\/en\/kich-hoat-neo-health-nhan-lien-hoan-thuong-toi-15-trieu\/\"><div class=\"thumbnail-container\">\n            <img loading=\"lazy\" decoding=\"async\" width=\"1080\" height=\"1080\" src=\"https:\/\/datsenhongmarathon.com\/wp-content\/uploads\/2025\/10\/529438184_791820879851842_2060949970085516169_n.jpg\" class=\"attachment-full size-full wp-post-image\" alt=\"\" srcset=\"https:\/\/datsenhongmarathon.com\/wp-content\/uploads\/2025\/10\/529438184_791820879851842_2060949970085516169_n.jpg 1080w, https:\/\/datsenhongmarathon.com\/wp-content\/uploads\/2025\/10\/529438184_791820879851842_2060949970085516169_n-300x300.jpg 300w, https:\/\/datsenhongmarathon.com\/wp-content\/uploads\/2025\/10\/529438184_791820879851842_2060949970085516169_n-1024x1024.jpg 1024w, https:\/\/datsenhongmarathon.com\/wp-content\/uploads\/2025\/10\/529438184_791820879851842_2060949970085516169_n-150x150.jpg 150w, https:\/\/datsenhongmarathon.com\/wp-content\/uploads\/2025\/10\/529438184_791820879851842_2060949970085516169_n-768x768.jpg 768w, https:\/\/datsenhongmarathon.com\/wp-content\/uploads\/2025\/10\/529438184_791820879851842_2060949970085516169_n-12x12.jpg 12w\" sizes=\"auto, (max-width: 1080px) 100vw, 1080px\" \/>\n        <\/div><\/a><\/div>\n                    <div class=\"jkit-postblock-content\"><h3 class=\"jkit-post-title\">\n\t\t\t\t\t\t\t<a href=\"https:\/\/datsenhongmarathon.com\/en\/kich-hoat-neo-health-nhan-lien-hoan-thuong-toi-15-trieu\/\">K\u00cdCH HO\u1ea0T NEO HEALTH &#8211; NH\u1eacN LI\u00caN HO\u00c0N TH\u01af\u1edeNG T\u1edaI 15 TRI\u1ec6U<\/a>\n\t\t\t\t\t\t<\/h3><div class=\"jkit-post-meta\"><\/div><div class=\"jkit-post-meta-bottom\">\n\t\t\t\t\t\t\t<div class=\"jkit-meta-readmore icon-position-after\">\n                <a title=\"K\u00cdCH HO\u1ea0T NEO HEALTH &#8211; NH\u1eacN LI\u00caN HO\u00c0N TH\u01af\u1edeNG T\u1edaI 15 TRI\u1ec6U\" href=\"https:\/\/datsenhongmarathon.com\/en\/kich-hoat-neo-health-nhan-lien-hoan-thuong-toi-15-trieu\/\" class=\"jkit-readmore\">Read More<\/a>\n            <\/div>\n\t\t\t\t\t\t<\/div><\/div>\n                <\/article><article class=\"jkit-post post-5513 post type-post status-publish format-standard has-post-thumbnail hentry category-tin-tuc\">\n                    <div class=\"jkit-thumb\"><a aria-label=\"C\u1ea6N CHU\u1ea8N B\u1eca G\u00cc \u0110\u1ec2 M\u1ede R\u1ed8NG KINH DOANH\" href=\"https:\/\/datsenhongmarathon.com\/en\/can-chuan-bi-gi-de-mo-rong-kinh-doanh\/\"><div class=\"thumbnail-container\">\n            <img loading=\"lazy\" decoding=\"async\" width=\"1200\" height=\"1200\" src=\"https:\/\/datsenhongmarathon.com\/wp-content\/uploads\/2025\/10\/561791861_846369937730269_5513108097567365537_n.jpg\" class=\"attachment-full size-full wp-post-image\" alt=\"\" srcset=\"https:\/\/datsenhongmarathon.com\/wp-content\/uploads\/2025\/10\/561791861_846369937730269_5513108097567365537_n.jpg 1200w, https:\/\/datsenhongmarathon.com\/wp-content\/uploads\/2025\/10\/561791861_846369937730269_5513108097567365537_n-300x300.jpg 300w, https:\/\/datsenhongmarathon.com\/wp-content\/uploads\/2025\/10\/561791861_846369937730269_5513108097567365537_n-1024x1024.jpg 1024w, https:\/\/datsenhongmarathon.com\/wp-content\/uploads\/2025\/10\/561791861_846369937730269_5513108097567365537_n-150x150.jpg 150w, https:\/\/datsenhongmarathon.com\/wp-content\/uploads\/2025\/10\/561791861_846369937730269_5513108097567365537_n-768x768.jpg 768w, https:\/\/datsenhongmarathon.com\/wp-content\/uploads\/2025\/10\/561791861_846369937730269_5513108097567365537_n-12x12.jpg 12w\" sizes=\"auto, (max-width: 1200px) 100vw, 1200px\" \/>\n        <\/div><\/a><\/div>\n                    <div class=\"jkit-postblock-content\"><h3 class=\"jkit-post-title\">\n\t\t\t\t\t\t\t<a href=\"https:\/\/datsenhongmarathon.com\/en\/can-chuan-bi-gi-de-mo-rong-kinh-doanh\/\">C\u1ea6N CHU\u1ea8N B\u1eca G\u00cc \u0110\u1ec2 M\u1ede R\u1ed8NG KINH DOANH<\/a>\n\t\t\t\t\t\t<\/h3><div class=\"jkit-post-meta\"><\/div><div class=\"jkit-post-meta-bottom\">\n\t\t\t\t\t\t\t<div class=\"jkit-meta-readmore icon-position-after\">\n                <a title=\"C\u1ea6N CHU\u1ea8N B\u1eca G\u00cc \u0110\u1ec2 M\u1ede R\u1ed8NG KINH DOANH\" href=\"https:\/\/datsenhongmarathon.com\/en\/can-chuan-bi-gi-de-mo-rong-kinh-doanh\/\" class=\"jkit-readmore\">Read More<\/a>\n            <\/div>\n\t\t\t\t\t\t<\/div><\/div>\n                <\/article>\n        <\/div><\/div><div class=\"jkit-block-pagination jkit-align\"><div class=\"jkit-pagination-button jkit-block-loadmore icon-position-before\"><a href=\"#\" data-load=\"Xem th\u00eam\" data-loading=\"Loading...\">Read More<\/a><\/div><\/div><\/div>\t\t\t\t<\/div>\n\t\t\t\t<\/div>\n\t\t\t\t\t<\/div>\n\t\t<\/div>\n\t\t\t\t\t<\/div>\n\t\t<\/section>\n\t\t\t\t<\/div>","protected":false},"excerpt":{"rendered":"<p>Tin t\u1ee9c edit post CAPTAIN BOY CH\u00cdNH TH\u1ee8C C\u00d3 M\u1eb6T T\u1ea0I \u0110\u00caM H\u1ed8I \u00c2M NH\u1ea0C PRIME NIGHT &#8211; VPBANK \u0110\u1ea4T SEN H\u1ed2NG MUSIC MARATHON 2025 &#8211; Copy Xem th\u00eam edit post C\u00c1C FAN KUN T\u1ea0I \u0110\u1ed2NG TH\u00c1P S\u1eb4N S\u00c0NG CH\u00c0O \u0110\u00d3N BI\u1ec6T \u0110\u1ed8I KUN SI\u00caU PH\u00c0M CH\u01afA? Xem th\u00eam edit post CH\u00cdNH TH\u1ee8C M\u1ede C\u1ed4NG [&hellip;]<\/p>","protected":false},"author":1,"featured_media":0,"parent":0,"menu_order":0,"comment_status":"closed","ping_status":"closed","template":"","meta":{"footnotes":""},"class_list":["post-276","page","type-page","status-publish","hentry"],"_links":{"self":[{"href":"https:\/\/datsenhongmarathon.com\/en\/wp-json\/wp\/v2\/pages\/276","targetHints":{"allow":["GET"]}}],"collection":[{"href":"https:\/\/datsenhongmarathon.com\/en\/wp-json\/wp\/v2\/pages"}],"about":[{"href":"https:\/\/datsenhongmarathon.com\/en\/wp-json\/wp\/v2\/types\/page"}],"author":[{"embeddable":true,"href":"https:\/\/datsenhongmarathon.com\/en\/wp-json\/wp\/v2\/users\/1"}],"replies":[{"embeddable":true,"href":"https:\/\/datsenhongmarathon.com\/en\/wp-json\/wp\/v2\/comments?post=276"}],"version-history":[{"count":73,"href":"https:\/\/datsenhongmarathon.com\/en\/wp-json\/wp\/v2\/pages\/276\/revisions"}],"predecessor-version":[{"id":5379,"href":"https:\/\/datsenhongmarathon.com\/en\/wp-json\/wp\/v2\/pages\/276\/revisions\/5379"}],"wp:attachment":[{"href":"https:\/\/datsenhongmarathon.com\/en\/wp-json\/wp\/v2\/media?parent=276"}],"curies":[{"name":"wp","href":"https:\/\/api.w.org\/{rel}","templated":true}]}}