{"id":191,"date":"2022-09-13T17:33:42","date_gmt":"2022-09-13T10:33:42","guid":{"rendered":"http:\/\/localhost\/dongthapmarathon\/?page_id=191"},"modified":"2025-08-18T10:38:40","modified_gmt":"2025-08-18T03:38:40","slug":"bo-vat-pham","status":"publish","type":"page","link":"https:\/\/datsenhongmarathon.com\/en\/bo-vat-pham\/","title":{"rendered":"Race Kit"},"content":{"rendered":"<div data-elementor-type=\"wp-page\" data-elementor-id=\"191\" class=\"elementor elementor-191\">\n\t\t\t\t\t\t<section class=\"elementor-section elementor-top-section elementor-element elementor-element-311ab876 banner-section elementor-section-boxed elementor-section-height-default elementor-section-height-default\" data-id=\"311ab876\" data-element_type=\"section\" data-settings=\"{&quot;background_background&quot;:&quot;classic&quot;}\">\n\t\t\t\t\t\t\t<div class=\"elementor-background-overlay\"><\/div>\n\t\t\t\t\t\t\t<div class=\"elementor-container elementor-column-gap-no\">\n\t\t\t\t\t<div class=\"elementor-column elementor-col-100 elementor-top-column elementor-element elementor-element-7ab6f05b\" data-id=\"7ab6f05b\" data-element_type=\"column\">\n\t\t\t<div class=\"elementor-widget-wrap elementor-element-populated\">\n\t\t\t\t\t\t<div class=\"elementor-element elementor-element-2de7f427 elementor-widget elementor-widget-jkit_heading\" data-id=\"2de7f427\" data-element_type=\"widget\" data-widget_type=\"jkit_heading.default\">\n\t\t\t\t<div class=\"elementor-widget-container\">\n\t\t\t\t\t<div  class=\"jeg-elementor-kit jkit-heading  align-center align-tablet-center align-mobile-center jeg_module___69e75b885ba60\" ><div class=\"heading-section-title  display-inline-block\"><h2 class=\"heading-title\">Race Kit<\/h2><\/div><div class=\"heading-section-separator\"><div class=\"separator-wrapper style-solid\"><\/div><\/div><\/div>\t\t\t\t<\/div>\n\t\t\t\t<\/div>\n\t\t\t\t\t<\/div>\n\t\t<\/div>\n\t\t\t\t\t<\/div>\n\t\t<\/section>\n\t\t\t\t<section class=\"elementor-section elementor-top-section elementor-element elementor-element-115bf911 elementor-section-boxed elementor-section-height-default elementor-section-height-default\" data-id=\"115bf911\" data-element_type=\"section\" data-settings=\"{&quot;background_background&quot;:&quot;classic&quot;}\">\n\t\t\t\t\t\t<div class=\"elementor-container elementor-column-gap-no\">\n\t\t\t\t\t<div class=\"elementor-column elementor-col-100 elementor-top-column elementor-element elementor-element-2e209854\" data-id=\"2e209854\" data-element_type=\"column\" data-settings=\"{&quot;background_background&quot;:&quot;classic&quot;}\">\n\t\t\t<div class=\"elementor-widget-wrap elementor-element-populated\">\n\t\t\t\t\t<div class=\"elementor-background-overlay\"><\/div>\n\t\t\t\t\t\t<div class=\"elementor-element elementor-element-38b1150 elementor-widget elementor-widget-text-editor\" data-id=\"38b1150\" data-element_type=\"widget\" data-widget_type=\"text-editor.default\">\n\t\t\t\t<div class=\"elementor-widget-container\">\n\t\t\t\t\t\t\t\t\t<p><em><span style=\"font-weight: 400;\">V\u1eadn \u0111\u1ed9ng vi\u00ean khi tham gia gi\u1ea3i marathon \u0111\u01b0\u1ee3c cung c\u1ea5p m\u1ed9t b\u1ed9 race-kit. \u0110\u00e2y l\u00e0 b\u1ed9 v\u1eadt ph\u1ea9m c\u1ea7n thi\u1ebft h\u1ed7 tr\u1ee3 v\u1eadn \u0111\u1ed9ng vi\u00ean tr\u00ean \u0111\u01b0\u1eddng ch\u1ea1y \u0111\u1ed3ng th\u1eddi l\u00e0 m\u00f3n qu\u00e0 k\u1ec9 ni\u1ec7m \u0111\u00e1nh d\u1ea5u b\u01b0\u1edbc ch\u00e2n c\u1ee7a c\u00e1c runner tr\u00ean \u0111\u01b0\u1eddng ch\u1ea1y VPBANK \u0110\u1ea5t Sen H\u1ed3ng Marathon 2025<\/span><\/em><\/p>\t\t\t\t\t\t\t\t<\/div>\n\t\t\t\t<\/div>\n\t\t\t\t<div class=\"elementor-element elementor-element-3cc3ff1 elementor-widget elementor-widget-jkit_feature_list\" data-id=\"3cc3ff1\" data-element_type=\"widget\" data-widget_type=\"jkit_feature_list.default\">\n\t\t\t\t<div class=\"elementor-widget-container\">\n\t\t\t\t\t<div  class=\"jeg-elementor-kit jkit-feature-list icon-position-left icon-position-left icon-position-left jeg_module__1_69e75b88605e1\" ><ul class=\"feature-list-items shape-circle shape-view-stacked\"><li class=\"feature-list-item elementor-repeater-item-ca21bdd\">\n\t\t\t\t\n\t\t\t\t<div class=\"feature-list-icon-box\">\n\t\t\t\t\t<div class=\"feature-list-icon-inner\">\n\t\t\t\t\t\t<span class=\"feature-list-icon\">\n\t\t\t\t\t\t\t<i aria-hidden=\"true\" class=\"far fa-clock\"><\/i>\n\t\t\t\t\t\t<\/span>\n\t\t\t\t\t<\/div>\n\t\t\t\t<\/div>\n\t\t\t\t<div class=\"feature-list-content-box\">\n\t\t\t\t\t<h3 class=\"feature-list-title\">Th\u1eddi gian nh\u1eadn Racekit<\/h3><p class=\"feature-list-content\">T\u1eeb 08:00 \u0111\u1ebfn 18:00 ng\u00e0y 11\/10\/2025<\/p>\n\t\t\t\t<\/div>\n\t\t\t<\/li><li class=\"feature-list-item elementor-repeater-item-13d4a3c\">\n\t\t\t\t\n\t\t\t\t<div class=\"feature-list-icon-box\">\n\t\t\t\t\t<div class=\"feature-list-icon-inner\">\n\t\t\t\t\t\t<span class=\"feature-list-icon\">\n\t\t\t\t\t\t\t<i aria-hidden=\"true\" class=\"far fa-map\"><\/i>\n\t\t\t\t\t\t<\/span>\n\t\t\t\t\t<\/div>\n\t\t\t\t<\/div>\n\t\t\t\t<div class=\"feature-list-content-box\">\n\t\t\t\t\t<h3 class=\"feature-list-title\">Place<\/h3><p class=\"feature-list-content\">Qu\u1ea3ng tr\u01b0\u1eddng V\u0103n Mi\u1ebfu - TP. Cao L\u00e3nh, \u0110\u1ed3ng Th\u00e1p<\/p>\n\t\t\t\t<\/div>\n\t\t\t<\/li><\/ul><\/div>\t\t\t\t<\/div>\n\t\t\t\t<\/div>\n\t\t\t\t<div class=\"elementor-element elementor-element-8b00673 elementor-widget-divider--view-line elementor-widget elementor-widget-divider\" data-id=\"8b00673\" data-element_type=\"widget\" data-widget_type=\"divider.default\">\n\t\t\t\t<div class=\"elementor-widget-container\">\n\t\t\t\t\t\t\t<div class=\"elementor-divider\">\n\t\t\t<span class=\"elementor-divider-separator\">\n\t\t\t\t\t\t<\/span>\n\t\t<\/div>\n\t\t\t\t\t\t<\/div>\n\t\t\t\t<\/div>\n\t\t\t\t<div class=\"elementor-element elementor-element-c96dbf0 elementor-widget elementor-widget-heading\" data-id=\"c96dbf0\" data-element_type=\"widget\" data-widget_type=\"heading.default\">\n\t\t\t\t<div class=\"elementor-widget-container\">\n\t\t\t\t\t<h3 class=\"elementor-heading-title elementor-size-default\">Rules for receiving race kit: \n<\/h3>\t\t\t\t<\/div>\n\t\t\t\t<\/div>\n\t\t\t\t<div class=\"elementor-element elementor-element-2013f49 elementor-widget elementor-widget-text-editor\" data-id=\"2013f49\" data-element_type=\"widget\" data-widget_type=\"text-editor.default\">\n\t\t\t\t<div class=\"elementor-widget-container\">\n\t\t\t\t\t\t\t\t\t<ol><li><span style=\"font-weight: 400;\">All runners must receive a Race Kit that includes a BIB \u2013 identification number, timekeeping device and other race aids. Details of the time, location and items received are posted on the program's official website.<\/span><\/li><li>Athletes must provide photo identification and an email containing a QR code (or an assign bib) in electronic or paper form when picking up the race kit to authenticate the entrant and the corresponding BIB number. .<\/li><li>Provide pre-signed power of attorney (if received on behalf of)<\/li><li>Runners are responsible for ensuring that the bib chronograph is properly worn during the race.<\/li><li>Runners will not receive the race-kit after the specified time. The Organizing Committee (BTC) does not deal with the cases of coming to receive the race-kit after the specified time, and is not responsible for any loss, damage or loss caused by the athlete in any way. any. To ensure fairness, BTC will not prolong the race-kit distribution time or ensure all athletes receive the race-kit. Items not received within the above time will be handled by the Organizer at its sole discretion.\u00a0<\/li><\/ol>\t\t\t\t\t\t\t\t<\/div>\n\t\t\t\t<\/div>\n\t\t\t\t\t<\/div>\n\t\t<\/div>\n\t\t\t\t\t<\/div>\n\t\t<\/section>\n\t\t\t\t<section class=\"elementor-section elementor-top-section elementor-element elementor-element-d555e83 elementor-section-boxed elementor-section-height-default elementor-section-height-default\" data-id=\"d555e83\" data-element_type=\"section\" data-settings=\"{&quot;background_background&quot;:&quot;classic&quot;}\">\n\t\t\t\t\t\t<div class=\"elementor-container elementor-column-gap-no\">\n\t\t\t\t\t<div class=\"elementor-column elementor-col-100 elementor-top-column elementor-element elementor-element-870f88c\" data-id=\"870f88c\" data-element_type=\"column\" data-settings=\"{&quot;background_background&quot;:&quot;classic&quot;}\">\n\t\t\t<div class=\"elementor-widget-wrap elementor-element-populated\">\n\t\t\t\t\t<div class=\"elementor-background-overlay\"><\/div>\n\t\t\t\t\t\t<div class=\"elementor-element elementor-element-2a99640 elementor-widget elementor-widget-heading\" data-id=\"2a99640\" data-element_type=\"widget\" data-widget_type=\"heading.default\">\n\t\t\t\t<div class=\"elementor-widget-container\">\n\t\t\t\t\t<h3 class=\"elementor-heading-title elementor-size-default\">Race-kit package includes:<\/h3>\t\t\t\t<\/div>\n\t\t\t\t<\/div>\n\t\t\t\t<div class=\"elementor-element elementor-element-5a19824 elementor-widget elementor-widget-image-gallery\" data-id=\"5a19824\" data-element_type=\"widget\" data-widget_type=\"image-gallery.default\">\n\t\t\t\t<div class=\"elementor-widget-container\">\n\t\t\t\t\t\t\t<div class=\"elementor-image-gallery\">\n\t\t\t<div id='gallery-1' class='gallery galleryid-191 gallery-columns-1 gallery-size-full'><figure class='gallery-item'>\n\t\t\t<div class='gallery-icon landscape'>\n\t\t\t\t<a data-elementor-open-lightbox=\"yes\" data-elementor-lightbox-slideshow=\"5a19824\" data-elementor-lightbox-title=\"C\u1ed4NG V\u00c9 \u0110SH  (working file) - EDIT\" data-e-action-hash=\"#elementor-action%3Aaction%3Dlightbox%26settings%3DeyJpZCI6NTIwOCwidXJsIjoiaHR0cHM6XC9cL2RhdHNlbmhvbmdtYXJhdGhvbi5jb21cL3dwLWNvbnRlbnRcL3VwbG9hZHNcLzIwMjVcLzA4XC9zaXplY2hhcnQtZHNoMjUtMS5qcGciLCJzbGlkZXNob3ciOiI1YTE5ODI0In0%3D\" href='https:\/\/datsenhongmarathon.com\/wp-content\/uploads\/2025\/08\/sizechart-dsh25-1.jpg'><img fetchpriority=\"high\" decoding=\"async\" width=\"1500\" height=\"844\" src=\"https:\/\/datsenhongmarathon.com\/wp-content\/uploads\/2025\/08\/sizechart-dsh25-1.jpg\" class=\"attachment-full size-full\" alt=\"\" srcset=\"https:\/\/datsenhongmarathon.com\/wp-content\/uploads\/2025\/08\/sizechart-dsh25-1.jpg 1500w, https:\/\/datsenhongmarathon.com\/wp-content\/uploads\/2025\/08\/sizechart-dsh25-1-300x169.jpg 300w, https:\/\/datsenhongmarathon.com\/wp-content\/uploads\/2025\/08\/sizechart-dsh25-1-1024x576.jpg 1024w, https:\/\/datsenhongmarathon.com\/wp-content\/uploads\/2025\/08\/sizechart-dsh25-1-768x432.jpg 768w, https:\/\/datsenhongmarathon.com\/wp-content\/uploads\/2025\/08\/sizechart-dsh25-1-18x10.jpg 18w\" sizes=\"(max-width: 1500px) 100vw, 1500px\" \/><\/a>\n\t\t\t<\/div><\/figure>\n\t\t<\/div>\n\t\t<\/div>\n\t\t\t\t\t\t<\/div>\n\t\t\t\t<\/div>\n\t\t\t\t\t<\/div>\n\t\t<\/div>\n\t\t\t\t\t<\/div>\n\t\t<\/section>\n\t\t\t\t<\/div>","protected":false},"excerpt":{"rendered":"<p>B\u1ed9 V\u1eadt Ph\u1ea9m V\u1eadn \u0111\u1ed9ng vi\u00ean khi tham gia gi\u1ea3i marathon \u0111\u01b0\u1ee3c cung c\u1ea5p m\u1ed9t b\u1ed9 race-kit. \u0110\u00e2y l\u00e0 b\u1ed9 v\u1eadt ph\u1ea9m c\u1ea7n thi\u1ebft h\u1ed7 tr\u1ee3 v\u1eadn \u0111\u1ed9ng vi\u00ean tr\u00ean \u0111\u01b0\u1eddng ch\u1ea1y \u0111\u1ed3ng th\u1eddi l\u00e0 m\u00f3n qu\u00e0 k\u1ec9 ni\u1ec7m \u0111\u00e1nh d\u1ea5u b\u01b0\u1edbc ch\u00e2n c\u1ee7a c\u00e1c runner tr\u00ean \u0111\u01b0\u1eddng ch\u1ea1y VPBANK \u0110\u1ea5t Sen H\u1ed3ng Marathon 2025 [&hellip;]<\/p>","protected":false},"author":1,"featured_media":0,"parent":0,"menu_order":0,"comment_status":"closed","ping_status":"closed","template":"","meta":{"footnotes":""},"class_list":["post-191","page","type-page","status-publish","hentry"],"_links":{"self":[{"href":"https:\/\/datsenhongmarathon.com\/en\/wp-json\/wp\/v2\/pages\/191","targetHints":{"allow":["GET"]}}],"collection":[{"href":"https:\/\/datsenhongmarathon.com\/en\/wp-json\/wp\/v2\/pages"}],"about":[{"href":"https:\/\/datsenhongmarathon.com\/en\/wp-json\/wp\/v2\/types\/page"}],"author":[{"embeddable":true,"href":"https:\/\/datsenhongmarathon.com\/en\/wp-json\/wp\/v2\/users\/1"}],"replies":[{"embeddable":true,"href":"https:\/\/datsenhongmarathon.com\/en\/wp-json\/wp\/v2\/comments?post=191"}],"version-history":[{"count":155,"href":"https:\/\/datsenhongmarathon.com\/en\/wp-json\/wp\/v2\/pages\/191\/revisions"}],"predecessor-version":[{"id":5211,"href":"https:\/\/datsenhongmarathon.com\/en\/wp-json\/wp\/v2\/pages\/191\/revisions\/5211"}],"wp:attachment":[{"href":"https:\/\/datsenhongmarathon.com\/en\/wp-json\/wp\/v2\/media?parent=191"}],"curies":[{"name":"wp","href":"https:\/\/api.w.org\/{rel}","templated":true}]}}