{"id":1782,"date":"2022-09-23T14:40:39","date_gmt":"2022-09-23T07:40:39","guid":{"rendered":"https:\/\/datsenhongmarathon.com\/?page_id=1782"},"modified":"2024-09-24T10:25:40","modified_gmt":"2024-09-24T03:25:40","slug":"quy-dinh-dieu-kien-lap-nhom","status":"publish","type":"page","link":"https:\/\/datsenhongmarathon.com\/en\/goi-dang-ky\/quy-dinh-dieu-kien-lap-nhom\/","title":{"rendered":"Quy \u0111\u1ecbnh &#038; \u0110i\u1ec1u ki\u1ec7n l\u1eadp nh\u00f3m"},"content":{"rendered":"<div data-elementor-type=\"wp-page\" data-elementor-id=\"1782\" class=\"elementor elementor-1782\">\n\t\t\t\t\t\t<section class=\"elementor-section elementor-top-section elementor-element elementor-element-1da876c elementor-section-full_width elementor-section-height-default elementor-section-height-default\" data-id=\"1da876c\" data-element_type=\"section\" data-settings=\"{&quot;background_background&quot;:&quot;gradient&quot;}\">\n\t\t\t\t\t\t\t<div class=\"elementor-background-overlay\"><\/div>\n\t\t\t\t\t\t\t<div class=\"elementor-container elementor-column-gap-default\">\n\t\t\t\t\t<div class=\"elementor-column elementor-col-100 elementor-top-column elementor-element elementor-element-7bac8b5\" data-id=\"7bac8b5\" data-element_type=\"column\">\n\t\t\t<div class=\"elementor-widget-wrap elementor-element-populated\">\n\t\t\t\t\t\t<div class=\"elementor-element elementor-element-3bccc1c elementor-widget elementor-widget-image\" data-id=\"3bccc1c\" data-element_type=\"widget\" data-widget_type=\"image.default\">\n\t\t\t\t<div class=\"elementor-widget-container\">\n\t\t\t\t\t\t\t\t\t\t\t\t\t\t\t<img fetchpriority=\"high\" width=\"1536\" height=\"1024\" src=\"https:\/\/datsenhongmarathon.com\/wp-content\/uploads\/2022\/09\/gettyimages_medium_1323640935-1-1536x1024.jpg\" class=\"attachment-1536x1536 size-1536x1536 wp-image-888\" alt=\"\" decoding=\"async\" srcset=\"https:\/\/datsenhongmarathon.com\/wp-content\/uploads\/2022\/09\/gettyimages_medium_1323640935-1-1536x1024.jpg 1536w, https:\/\/datsenhongmarathon.com\/wp-content\/uploads\/2022\/09\/gettyimages_medium_1323640935-1-300x200.jpg 300w, https:\/\/datsenhongmarathon.com\/wp-content\/uploads\/2022\/09\/gettyimages_medium_1323640935-1-1024x683.jpg 1024w, https:\/\/datsenhongmarathon.com\/wp-content\/uploads\/2022\/09\/gettyimages_medium_1323640935-1-768x512.jpg 768w, https:\/\/datsenhongmarathon.com\/wp-content\/uploads\/2022\/09\/gettyimages_medium_1323640935-1.jpg 2048w\" sizes=\"(max-width: 1536px) 100vw, 1536px\" \/>\t\t\t\t\t\t\t\t\t\t\t\t\t\t\t<\/div>\n\t\t\t\t<\/div>\n\t\t\t\t\t<\/div>\n\t\t<\/div>\n\t\t\t\t\t<\/div>\n\t\t<\/section>\n\t\t\t\t<section class=\"elementor-section elementor-top-section elementor-element elementor-element-73e2eef7 elementor-section-height-full elementor-section-boxed elementor-section-height-default elementor-section-items-middle\" data-id=\"73e2eef7\" data-element_type=\"section\" data-settings=\"{&quot;background_background&quot;:&quot;classic&quot;}\">\n\t\t\t\t\t\t<div class=\"elementor-container elementor-column-gap-no\">\n\t\t\t\t\t<div class=\"elementor-column elementor-col-50 elementor-top-column elementor-element elementor-element-43a6388f\" data-id=\"43a6388f\" data-element_type=\"column\">\n\t\t\t<div class=\"elementor-widget-wrap elementor-element-populated\">\n\t\t\t\t\t\t<div class=\"elementor-element elementor-element-45814da2 elementor-widget elementor-widget-heading\" data-id=\"45814da2\" data-element_type=\"widget\" data-widget_type=\"heading.default\">\n\t\t\t\t<div class=\"elementor-widget-container\">\n\t\t\t\t\t<h1 class=\"elementor-heading-title elementor-size-default\">QUY \u0110\u1ecaNH V\u00c0 \u0110I\u1ec0U KI\u1ec6N L\u1eacP NH\u00d3M<br><br><span style=\"font-weight: normal\">\n- S\u1ed1 l\u01b0\u1ee3ng th\u00e0nh vi\u00ean trong nh\u00f3m t\u1ed1i thi\u1ec3u 20 ng\u01b0\u1eddi.\n- M\u1ed7i ng\u01b0\u1eddi ch\u1ec9 \u0111\u01b0\u1ee3c tham gia m\u1ed9t \u0111\u1ed9i, m\u1ed9t c\u1ef1 ly v\u00e0 ph\u1ea3i \u0111\u0103ng k\u00fd  BIB th\u00e0nh c\u00f4ng trong giai \u0111o\u1ea1n t\u1eeb 17\/6\/2023 (t\u1ee9c t\u1eeb khi BTC m\u1edf c\u1ed5ng \u0111\u0103ng k\u00ed) t\u1edbi h\u1ebft 23:59ph 17\/9\/2023.\n- Tr\u01b0\u1edfng nh\u00f3m v\u00e0 c\u00e1c th\u00e0nh vi\u00ean vui l\u00f2ng cung c\u1ea5p ch\u00ednh x\u00e1c v\u00e0 \u0111\u1ea7y \u0111\u1ee7 c\u00e1c th\u00f4ng tin theo form m\u1eabu.\n-&gt; BTC s\u1ebd \u0111\u1ed1i chi\u1ebfu c\u00e1c th\u00f4ng tin \u0111\u1ec3 c\u00f4ng nh\u1eadn danh s\u00e1ch nh\u00f3m \u0111\u1ee7 \u0111i\u1ec1u ki\u1ec7n hay kh\u00f4ng. <br><\/span><br><span style=\"font-weight: normal\">\n<\/span>1. \u0110i\u1ec1u l\u1ec7 c\u00e1ch th\u1ee9c t\u00ednh \u0111i\u1ec3m:<span style=\"font-weight: normal\">\n- 3 nh\u00f3m c\u00f3 th\u00e0nh t\u00edch t\u1ed1t nh\u1ea5t x\u1ebfp h\u1ea1ng nh\u1ea5t, nh\u00ec, ba, trong m\u1ed7i b\u1ea3ng thi \u0111\u1ea5u.\nH\u00ecnh th\u1ee9c x\u00e1c nh\u1eadn \u0111\u01b0\u1ee3c t\u00ednh b\u1eb1ng trung b\u00ecnh c\u1ed9ng th\u1eddi gian ho\u00e0n th\u00e0nh c\u1ef1 ly c\u1ee7a 8 th\u00e0nh vi\u00ean nam, 2 th\u00e0nh vi\u00ean n\u1eef c\u00f3 th\u00e0nh t\u00edch t\u1ed1t nh\u1ea5t trong danh s\u00e1ch nh\u00f3m tham gia ch\u1ea1y trong \u0111\u00e3 \u0111\u01b0\u1ee3c \u0111\u0103ng k\u00fd v\u00e0 l\u1eadp danh s\u00e1ch trong th\u1eddi gian quy \u0111\u1ecbnh c\u1ee7a BTC.\nM\u1ecdi th\u00f4ng tin x\u00e1c nh\u1eadn li\u00ean quan \u0111\u1ebfn Danh s\u00e1ch nh\u00f3m thi \u0111\u1ea5u, k\u1ebft qu\u1ea3 v\u00e0 gi\u1ea3i th\u01b0\u1edfng BTC s\u1ebd ch\u1ec9 li\u00ean l\u1ea1c v\u00e0 trao \u0111\u1ed5i v\u1edbi nh\u00f3m tr\u01b0\u1edfng\/\u0111\u1ea1i di\u1ec7n nh\u00f3m. C\u00e1c th\u00e0nh vi\u00ean trong \u0111\u1ed9i c\u00f3 th\u1eafc m\u1eafc vui l\u00f2ng tr\u1ef1c ti\u1ebfp trao \u0111\u1ed5i v\u1edbi tr\u01b0\u1edfng nh\u00f3m c\u1ee7a m\u00ecnh. <\/span><br><br><span style=\"font-weight: normal\">\n<\/span>2. L\u01b0u \u00fd:<span style=\"font-weight: normal\">\n- Th\u1eddi h\u1ea1n g\u1eedi danh s\u00e1ch tham gia v\u1ec1 BTC: \u0111\u1ebfn 23h59p 17\/9\/2023. M\u1ecdi \u0111\u0103ng k\u00ed g\u1eedi sau th\u1eddi gian tr\u00ean BTC s\u1ebd kh\u00f4ng ch\u1ea5p nh\u1eadn. \n-  C\u00e1ch th\u1ee9c g\u1eedi danh s\u00e1ch:<\/span><br><span style=\"font-weight: normal\">\n+ Ch\u1ee7 \u0111\u1ec1 (Subject): \u0110SH2023_T\u00caN NH\u00d3M_H\u1ecc V\u00c0 T\u00caN TR\u01af\u1edeNG NH\u00d3M<\/span><br><span style=\"font-weight: normal\">+ M\u1eabu \u0111\u0103ng k\u00ed: (LINK)<\/span><br><span style=\"font-weight: normal\">+ Vui l\u00f2ng g\u1eedi file Excel v\u00e0 \u0111\u1eb7t t\u00ean file theo c\u00fa ph\u00e1p:  \u0110SH2023_T\u00caN NH\u00d3M V\u00ed d\u1ee5: \u0110SH2023_NH\u00d3M SRC\n- G\u1eedi v\u1ec1 \u0111\u1ecba ch\u1ec9 email: <u>contact@datsenhongmarathon.com<\/u> \n- Vui l\u00f2ng g\u1eedi logo nh\u00f3m c\u1ee7a b\u1ea1n (n\u1ebfu c\u00f3) k\u00e8m v\u1edbi form danh s\u00e1ch \u0111\u0103ng k\u00fd thi \u0111\u1ea5u \u0111\u1ec3 BTC s\u1eed d\u1ee5ng tr\u00ean trang truy\u1ec1n th\u00f4ng.<\/span><br><br><span style=\"font-weight: normal\">\nN\u1ebfu c\u00f3 b\u1ea5t k\u1ef3 th\u1eafc m\u1eafc n\u00e0o, b\u1ea1n vui l\u00f2ng li\u00ean h\u1ec7 qua email tr\u00ean ho\u1eb7c Hotline: <\/span>093 454 5303<span style=\"font-weight: normal\">.\n<\/span><\/h1>\t\t\t\t<\/div>\n\t\t\t\t<\/div>\n\t\t\t\t\t<\/div>\n\t\t<\/div>\n\t\t\t\t<div class=\"elementor-column elementor-col-50 elementor-top-column elementor-element elementor-element-45ded77f\" data-id=\"45ded77f\" data-element_type=\"column\">\n\t\t\t<div class=\"elementor-widget-wrap elementor-element-populated\">\n\t\t\t\t\t\t<div class=\"elementor-element elementor-element-3ab2410a elementor-widget elementor-widget-jkit_heading\" data-id=\"3ab2410a\" data-element_type=\"widget\" data-widget_type=\"jkit_heading.default\">\n\t\t\t\t<div class=\"elementor-widget-container\">\n\t\t\t\t\t<div  class=\"jeg-elementor-kit jkit-heading  align- align-tablet- align-mobile-center jeg_module___69f501d255dc8\" ><h3 class=\"heading-section-subtitle  style-color\">\u0110i\u1ec1u ki\u1ec7n<\/h3><div class=\"heading-section-title  display-inline-block\"><h2 class=\"heading-title\">\u0110\u0102NG K\u00dd THI \u0110\u1ea4U NH\u00d3M<\/h2><\/div><div class=\"heading-section-separator\"><div class=\"separator-wrapper style-solid\"><\/div><\/div><div class=\"heading-section-description\"><\/div><\/div>\t\t\t\t<\/div>\n\t\t\t\t<\/div>\n\t\t\t\t<div class=\"elementor-element elementor-element-47fe659a elementor-widget__width-auto elementor-widget elementor-widget-jkit_button\" data-id=\"47fe659a\" data-element_type=\"widget\" data-widget_type=\"jkit_button.default\">\n\t\t\t\t<div class=\"elementor-widget-container\">\n\t\t\t\t\t<div  class=\"jeg-elementor-kit jkit-button  icon-position-before jeg_module__1_69f501d257fbb\" ><a href=\"https:\/\/docs.google.com\/spreadsheets\/d\/1LHRkgOw2c6Ob6JG0DrH1x5keywy4Ugvs\/edit#gid=2141718402\" class=\"jkit-button-wrapper\">LINK \u0110\u0102NG K\u00dd<\/a><\/div>\t\t\t\t<\/div>\n\t\t\t\t<\/div>\n\t\t\t\t\t<\/div>\n\t\t<\/div>\n\t\t\t\t\t<\/div>\n\t\t<\/section>\n\t\t\t\t<section class=\"elementor-section elementor-top-section elementor-element elementor-element-9c6c127 elementor-section-boxed elementor-section-height-default elementor-section-height-default\" data-id=\"9c6c127\" data-element_type=\"section\">\n\t\t\t\t\t\t<div class=\"elementor-container elementor-column-gap-default\">\n\t\t\t\t\t<div class=\"elementor-column elementor-col-100 elementor-top-column elementor-element elementor-element-f1f4530\" data-id=\"f1f4530\" data-element_type=\"column\">\n\t\t\t<div class=\"elementor-widget-wrap elementor-element-populated\">\n\t\t\t\t\t\t<div class=\"elementor-element elementor-element-6924174 elementor-widget elementor-widget-image\" data-id=\"6924174\" data-element_type=\"widget\" data-widget_type=\"image.default\">\n\t\t\t\t<div class=\"elementor-widget-container\">\n\t\t\t\t\t\t\t\t\t\t\t\t\t\t\t<img width=\"5334\" height=\"4429\" src=\"https:\/\/datsenhongmarathon.com\/wp-content\/uploads\/2024\/09\/CONG-VE-DAT-SEN-HONG-15.png\" class=\"attachment-full size-full wp-image-4701\" alt=\"\" decoding=\"async\" srcset=\"https:\/\/datsenhongmarathon.com\/wp-content\/uploads\/2024\/09\/CONG-VE-DAT-SEN-HONG-15.png 5334w, https:\/\/datsenhongmarathon.com\/wp-content\/uploads\/2024\/09\/CONG-VE-DAT-SEN-HONG-15-300x249.png 300w, https:\/\/datsenhongmarathon.com\/wp-content\/uploads\/2024\/09\/CONG-VE-DAT-SEN-HONG-15-1024x850.png 1024w, https:\/\/datsenhongmarathon.com\/wp-content\/uploads\/2024\/09\/CONG-VE-DAT-SEN-HONG-15-768x638.png 768w, https:\/\/datsenhongmarathon.com\/wp-content\/uploads\/2024\/09\/CONG-VE-DAT-SEN-HONG-15-1536x1275.png 1536w, https:\/\/datsenhongmarathon.com\/wp-content\/uploads\/2024\/09\/CONG-VE-DAT-SEN-HONG-15-2048x1701.png 2048w\" sizes=\"(max-width: 5334px) 100vw, 5334px\" \/>\t\t\t\t\t\t\t\t\t\t\t\t\t\t\t<\/div>\n\t\t\t\t<\/div>\n\t\t\t\t\t<\/div>\n\t\t<\/div>\n\t\t\t\t\t<\/div>\n\t\t<\/section>\n\t\t\t\t<\/div>","protected":false},"excerpt":{"rendered":"<p>QUY \u0110\u1ecaNH V\u00c0 \u0110I\u1ec0U KI\u1ec6N L\u1eacP NH\u00d3M &#8211; S\u1ed1 l\u01b0\u1ee3ng th\u00e0nh vi\u00ean trong nh\u00f3m t\u1ed1i thi\u1ec3u 20 ng\u01b0\u1eddi. &#8211; M\u1ed7i ng\u01b0\u1eddi ch\u1ec9 \u0111\u01b0\u1ee3c tham gia m\u1ed9t \u0111\u1ed9i, m\u1ed9t c\u1ef1 ly v\u00e0 ph\u1ea3i \u0111\u0103ng k\u00fd BIB th\u00e0nh c\u00f4ng trong giai \u0111o\u1ea1n t\u1eeb 17\/6\/2023 (t\u1ee9c t\u1eeb khi BTC m\u1edf c\u1ed5ng \u0111\u0103ng k\u00ed) t\u1edbi h\u1ebft 23:59ph 17\/9\/2023. &#8211; [&hellip;]<\/p>","protected":false},"author":1,"featured_media":4158,"parent":486,"menu_order":0,"comment_status":"closed","ping_status":"closed","template":"elementor_header_footer","meta":{"footnotes":""},"class_list":["post-1782","page","type-page","status-publish","has-post-thumbnail","hentry"],"_links":{"self":[{"href":"https:\/\/datsenhongmarathon.com\/en\/wp-json\/wp\/v2\/pages\/1782","targetHints":{"allow":["GET"]}}],"collection":[{"href":"https:\/\/datsenhongmarathon.com\/en\/wp-json\/wp\/v2\/pages"}],"about":[{"href":"https:\/\/datsenhongmarathon.com\/en\/wp-json\/wp\/v2\/types\/page"}],"author":[{"embeddable":true,"href":"https:\/\/datsenhongmarathon.com\/en\/wp-json\/wp\/v2\/users\/1"}],"replies":[{"embeddable":true,"href":"https:\/\/datsenhongmarathon.com\/en\/wp-json\/wp\/v2\/comments?post=1782"}],"version-history":[{"count":20,"href":"https:\/\/datsenhongmarathon.com\/en\/wp-json\/wp\/v2\/pages\/1782\/revisions"}],"predecessor-version":[{"id":4704,"href":"https:\/\/datsenhongmarathon.com\/en\/wp-json\/wp\/v2\/pages\/1782\/revisions\/4704"}],"up":[{"embeddable":true,"href":"https:\/\/datsenhongmarathon.com\/en\/wp-json\/wp\/v2\/pages\/486"}],"wp:featuredmedia":[{"embeddable":true,"href":"https:\/\/datsenhongmarathon.com\/en\/wp-json\/wp\/v2\/media\/4158"}],"wp:attachment":[{"href":"https:\/\/datsenhongmarathon.com\/en\/wp-json\/wp\/v2\/media?parent=1782"}],"curies":[{"name":"wp","href":"https:\/\/api.w.org\/{rel}","templated":true}]}}